{"id":91,"date":"2017-02-05T20:31:00","date_gmt":"2017-02-05T19:31:00","guid":{"rendered":"https:\/\/www.ring-junger-buende.de\/wordpress\/?page_id=91"},"modified":"2023-10-27T15:44:53","modified_gmt":"2023-10-27T13:44:53","slug":"verweise","status":"publish","type":"page","link":"https:\/\/www.ring-junger-buende.de\/wordpress\/verweise\/","title":{"rendered":"Verweise"},"content":{"rendered":"<h3>\u00dcberb\u00fcndisches<\/h3>\n<ul>\n<li><a href=\"https:\/\/www.burgludwigstein.de\/erleben\">Die Jugendbildungsst\u00e4tte Ludwigstein<\/a><\/li>\n<li><a href=\"https:\/\/www.whydah.de\/\">Das Segelschiff Whydah <\/a><\/li>\n<li><a href=\"http:\/\/meissner-2013.de\">\u00dcberb\u00fcndisches Meissnertreffen 2013<\/a><\/li>\n<li><a href=\"http:\/\/www.forummitte.de\">Forum Mitte auf dem Meissnertreffen 2013<\/a><\/li>\n<li><a href=\"http:\/\/www.rheinischer-singewettstreit.de\">Rheinischer Singewettstreit<\/a><\/li>\n<\/ul>\n<h3>Sonstiges<\/h3>\n<ul>\n<li><a href=\"http:\/\/www.ehemaligenkreis-drj.de\">Der Ehemaligenkreis der reformjugend<\/a><\/li>\n<li><a href=\"https:\/\/www.wandervogelstiftung.de\">Die Wandervogelstiftung<\/a><\/li>\n<li><a href=\"https:\/\/www.himmelheber-stiftung.de\/\">Die Max Himmelheber-Stiftung<\/a><\/li>\n<\/ul>\n","protected":false},"excerpt":{"rendered":"<p>\u00dcberb\u00fcndisches Die Jugendbildungsst\u00e4tte Ludwigstein Das Segelschiff Whydah \u00dcberb\u00fcndisches Meissnertreffen 2013 Forum Mitte auf dem Meissnertreffen 2013 Rheinischer Singewettstreit Sonstiges Der Ehemaligenkreis der reformjugend Die Wandervogelstiftung Die Max Himmelheber-Stiftung<\/p>\n<p class=\"continue-reading-button\"> <a class=\"continue-reading-link\" href=\"https:\/\/www.ring-junger-buende.de\/wordpress\/verweise\/\">Continue reading<i class=\"crycon-right-dir\"><\/i><\/a><\/p>\n","protected":false},"author":1,"featured_media":0,"parent":0,"menu_order":0,"comment_status":"closed","ping_status":"closed","template":"","meta":{"ngg_post_thumbnail":0,"footnotes":""},"class_list":["post-91","page","type-page","status-publish","hentry"],"_links":{"self":[{"href":"https:\/\/www.ring-junger-buende.de\/wordpress\/wp-json\/wp\/v2\/pages\/91","targetHints":{"allow":["GET"]}}],"collection":[{"href":"https:\/\/www.ring-junger-buende.de\/wordpress\/wp-json\/wp\/v2\/pages"}],"about":[{"href":"https:\/\/www.ring-junger-buende.de\/wordpress\/wp-json\/wp\/v2\/types\/page"}],"author":[{"embeddable":true,"href":"https:\/\/www.ring-junger-buende.de\/wordpress\/wp-json\/wp\/v2\/users\/1"}],"replies":[{"embeddable":true,"href":"https:\/\/www.ring-junger-buende.de\/wordpress\/wp-json\/wp\/v2\/comments?post=91"}],"version-history":[{"count":39,"href":"https:\/\/www.ring-junger-buende.de\/wordpress\/wp-json\/wp\/v2\/pages\/91\/revisions"}],"predecessor-version":[{"id":806,"href":"https:\/\/www.ring-junger-buende.de\/wordpress\/wp-json\/wp\/v2\/pages\/91\/revisions\/806"}],"wp:attachment":[{"href":"https:\/\/www.ring-junger-buende.de\/wordpress\/wp-json\/wp\/v2\/media?parent=91"}],"curies":[{"name":"wp","href":"https:\/\/api.w.org\/{rel}","templated":true}]}}