{"id":697,"date":"2023-08-24T15:54:53","date_gmt":"2023-08-24T13:54:53","guid":{"rendered":"https:\/\/www.ring-junger-buende.de\/wordpress\/?page_id=697"},"modified":"2026-03-05T21:55:24","modified_gmt":"2026-03-05T20:55:24","slug":"rjb-werkstaetten","status":"publish","type":"page","link":"https:\/\/www.ring-junger-buende.de\/wordpress\/rjb-werkstaetten\/","title":{"rendered":"RjB-Werkst&auml;tten"},"content":{"rendered":"<p><img loading=\"lazy\" decoding=\"async\" class=\"alignnone  wp-image-753\" src=\"https:\/\/www.ring-junger-buende.de\/wordpress\/wp-content\/uploads\/2024\/09\/burgtor.jpg\" alt=\"\" width=\"296\" height=\"394\"><\/p>\n<p><b>Liebe Wanderv\u00f6gel, Pfadfinder, B\u00fcndische,<br>hiermit laden wir Euch zum Werkstattwochenende des Ring junger B\u00fcnde auf Burg Ludwigstein.<br>Wir und die B\u00fcnde haben f\u00fcr Euch wieder ein buntes <a href=\"#Programm\">Programm<\/a> vorbereitet und wollen aber auch Zeit f\u00fcr gemeinsames Singen, gem\u00fctliche Abendrunden, Kl\u00f6nen und Gespr\u00e4che finden.<br>Weitere Werkstatt-Angebote oder -Vorschl\u00e4ge und Programmideen nimmt der Sprecherkreis gerne entgegen (Kontakt s.u.).<\/b><\/p>\n<h3><u><b>Die wichtigsten Fakten:<\/b><\/u><\/h3>\n<p><u>Termin:<\/u> 20. &#8211; 22. November 2026 (Anreise ab 18 Uhr \/ Ende am Sonntag gegen 12 Uhr)<\/p>\n<p><u>Ort:<\/u> Burg Ludwigstein<\/p>\n<p><u>Programm:<\/u> <a href=\"#Programm\">siehe Abschnitt Programm<\/a><\/p>\n<p><u>\u00dcbernachtung:<\/u> im Bodenlager in der Burg oder in mitgebrachten Kohten und Jurten. Wer ein Zimmer mit Bett ben\u00f6tigt gibt das bitte bei der <a href=\"#Anmeldung\">Anmeldung<\/a> an.<\/p>\n<p><u>Mitzubringen:<\/u> Neben Eurer normalen Fahrtenausr\u00fcstung (inkl. Essgeschirr und Badesachen) bitte Fotos (digital) und Berichte von Euren Fahrten und Lagern, Liederb\u00fccher und Musikinstrumente! <b>Verpflegung f\u00fcr Freitagabend, Samstagmorgen und -mittag<\/b>.<\/p>\n<p><u>Kostenbeitrag:<\/u> 20 \u20ac (Kohten\u00fcbernachtung oder Bodenlager)<\/p>\n<p><a href=\"#Anmeldung\">Anmeldung (bis 1.11.)<\/a> \u00fcber das untenstehende Formular. Weitere Infos &amp; Fragen: &#100;i&#x65;s&#x70;&#114;&#x65;&#99;&#x68;&#101;r&#x40;r&#x6a;&#98;&#x2e;&#100;&#x65; bzw. +49 (0)179 5326477 (Wolfgang)<\/p>\n<p>Bitte beachtet unsere <a href=\"#Datenschutz\">Datenschutzhinweise<\/a> und unsere <a href=\"#Anfahrt\">Anreiseinformation<\/a><\/p>\n<p><i>Euer RjB-Sprecherkreis<\/i><\/p>\n<p>&nbsp;<br><br><br><br><br><br><br><br><\/p>\n<h3 id=\"Anmeldung\">Anmeldung<\/h3>\n\n<div class=\"wpcf7 no-js\" id=\"wpcf7-f701-o1\" lang=\"de-DE\" dir=\"ltr\" data-wpcf7-id=\"701\">\n<div class=\"screen-reader-response\"><p role=\"status\" aria-live=\"polite\" aria-atomic=\"true\"><\/p> <ul><\/ul><\/div>\n<form action=\"\/wordpress\/wp-json\/wp\/v2\/pages\/697#wpcf7-f701-o1\" method=\"post\" class=\"wpcf7-form init\" aria-label=\"Kontaktformular\" novalidate=\"novalidate\" data-status=\"init\">\n<fieldset class=\"hidden-fields-container\"><input type=\"hidden\" name=\"_wpcf7\" value=\"701\" \/><input type=\"hidden\" name=\"_wpcf7_version\" value=\"6.1.5\" \/><input type=\"hidden\" name=\"_wpcf7_locale\" value=\"de_DE\" \/><input type=\"hidden\" name=\"_wpcf7_unit_tag\" value=\"wpcf7-f701-o1\" \/><input type=\"hidden\" name=\"_wpcf7_container_post\" value=\"0\" \/><input type=\"hidden\" name=\"_wpcf7_posted_data_hash\" value=\"\" \/><input type=\"hidden\" name=\"_wpcf7_recaptcha_response\" value=\"\" \/>\n<\/fieldset>\n<p><label> Dein Name (*)<br \/>\n<span class=\"wpcf7-form-control-wrap\" data-name=\"your-name\"><input size=\"40\" maxlength=\"400\" class=\"wpcf7-form-control wpcf7-text wpcf7-validates-as-required\" aria-required=\"true\" aria-invalid=\"false\" value=\"\" type=\"text\" name=\"your-name\" \/><\/span> <\/label>\n<\/p>\n<p><label> Deine E-Mail-Adresse (*)<br \/>\n<span class=\"wpcf7-form-control-wrap\" data-name=\"your-email\"><input size=\"40\" maxlength=\"400\" class=\"wpcf7-form-control wpcf7-email wpcf7-validates-as-required wpcf7-text wpcf7-validates-as-email\" aria-required=\"true\" aria-invalid=\"false\" value=\"\" type=\"email\" name=\"your-email\" \/><\/span> <\/label>\n<\/p>\n<p><label> Dein Bund \/ Verband (*)<br \/>\n<span class=\"wpcf7-form-control-wrap\" data-name=\"your-association\"><input size=\"40\" maxlength=\"400\" class=\"wpcf7-form-control wpcf7-text wpcf7-validates-as-required\" aria-required=\"true\" aria-invalid=\"false\" value=\"\" type=\"text\" name=\"your-association\" \/><\/span> <\/label>\n<\/p>\n<p><label> Betreff (*)<br \/>\n<span class=\"wpcf7-form-control-wrap\" data-name=\"your-subject\"><input size=\"40\" maxlength=\"400\" class=\"wpcf7-form-control wpcf7-text wpcf7-validates-as-required\" aria-required=\"true\" aria-invalid=\"false\" value=\"Anmeldung RjB-Werkst\u00e4tten (20.-22.11.2026)\" type=\"text\" name=\"your-subject\" \/><\/span> <\/label>\n<\/p>\n<p><label> Deine Nachricht(*)<br \/>\n<span class=\"wpcf7-form-control-wrap\" data-name=\"your-message\"><textarea cols=\"40\" rows=\"10\" maxlength=\"2000\" class=\"wpcf7-form-control wpcf7-textarea wpcf7-validates-as-required\" aria-required=\"true\" aria-invalid=\"false\" name=\"your-message\">Hiermit melde ich mich mit XX Person(en) zu den RjB-Werkst\u00e4tten auf Burg Ludwigstein vom 20. - 22. November 2026 verbindlich an.\n\nIch bin mit den Datenschutzbestimmungen einverstanden (siehe https:\/\/www.ring-junger-buende.de\/wordpress\/rjb-werkstaetten\/#Datenschutz).\n\nIch \u00fcbernachte im Zelt \/ Bodenlager \/ Einzelzimmer \/ Mehrbettzimmer (nicht zutreffendes bitte streichen \/ Zimmer nur solange freie Zimmer vorhanden sind!)\n\nEs bestehen folgende Lebensmittelunvertr\u00e4glichkeiten \/ Sonderw\u00fcnsche: keine!<\/textarea><\/span> <\/label>\n<\/p>\n<p>(*) = Pflichtfeld\n<\/p>\n<p><input class=\"wpcf7-form-control wpcf7-submit has-spinner\" type=\"submit\" value=\"Senden\" \/>\n<\/p><div class=\"wpcf7-response-output\" aria-hidden=\"true\"><\/div>\n<\/form>\n<\/div>\n\n<p>&nbsp;<br><br><br><br><br><br><br><br><\/p>\n<h3 id=\"Programm\">Programm<\/h3>\n<p><i>Je nach Anmeldestand und Interessenlage sind \u00c4nderungen jederzeit vorbehalten!<\/i><\/p>\n<h4>Folgende Werkst\u00e4tten sind aktuell geplant:<\/h4>\n<ul>\n<li>Schmieden<\/li>\n<li>Volkstanzen<\/li>\n<li>Zinn gie\u00dfen<\/li>\n<li>Gitarre spielen erlernen<\/li>\n<li>Bumerang bauen<\/li>\n<li>Erste Hilfe \u00fcben<\/li>\n<\/ul>\n<!-- <h4>B\u00fcndisches Gitarrenspiel f\u00fcr Anf\u00e4nger und Fortgeschrittene (WWV?)<\/h4>\n<p>Bei vielen der RjB-Treffen war das Gitarrenspiel des Weinbacher Wandervogel ein gefragtes Angebot. In diesem Jahr m\u00f6chten wir wieder eine Gitarrenarbeitsgruppe f\u00fcr Anf\u00e4nger und Fortgeschrittene anbieten. Wer also Lust hat zuk\u00fcnftig Fahrtenlieder nicht nur zu singen, sondern auch mit der Gitarre zu begleiten, und bisher nur ganz wenig oder keine Gitarrenerfahrung hat, ist hier richtig. Erkl\u00e4rt und ge\u00fcbt werden Griffwechsel und Anschlagtechniken. F\u00fcr Fortgeschrittene werden Bassl\u00e4ufe, Zupftechniken etc. Thema sein. Eine Gitarre sollte (wenn m\u00f6glich) jeder selbst mitbringen.<\/p>\n<br>\n<h4>Kontrabass spielen f\u00fcr Anf\u00e4nger und Fortgeschrittene (Sven)<\/h4>\n<p>Wer schon Gitarre spielen kann oder mal ein etwas anderes Instrument lernen m\u00f6chte dem sei die Werkstatt von Sven ans Herz gelegt. Mit einem <b>Kontrabass<\/b> l\u00e4sst sich wunderbar b\u00fcndische Musik begleiten und Ihr k\u00f6nnt einfach und effektvoll Lieder mit einfachen <b>rhythmischen Grundt\u00f6nen<\/b> interessanter gestalten.\nSven ist freiberuflicher Musiker und Instrumentallehrer und hat schon \u00f6fters Werkst\u00e4tten auf der Burg geleitet. Wer hat: bitte Kontrabass mitbringen, da es nur 1 Instrument auf der Burg gibt.\n<\/p>\n<br>\n<h4>Messerbau oder Schmieden(?)<\/h4>\n<p>Auf dem letzten RjB-Treffen war Messerbau eine beliebte Werkstatt, bei der vor allem die j\u00fcngeren Teilnehmer viel Spa\u00df hatten. Diesmal wollen wir unsere Ergebnisse vom letzten Treffen weiterbauen oder neue Messer ausprobieren.<\/p>\n<br>\n<h4>Volkstanzwerkstatt<\/h4>\n<p>Was passiert, wenn man Gitarrenspiel und Selbstverteidigung kombiniert? Auch bei der Volkstanzwerkstatt ist Beweglichkeit und Rhythmus gefragt. Egal ob im gro\u00dfen Saal im Obergeschoss des Enno oder auf de Burghof. Hier k\u00f6nnt Ihr einfache Volkst\u00e4nze lernen und \u00fcben oder einfach leidenschaftlich miteinander tanzen.<\/p>\n<br>\n<h4>Zinngiessen f\u00fcr Anf\u00e4nger (Wolfgang, DPB)<\/h4>\n<p>Wolfgang aus dem Deutschen Pfadfinderbund wird sich mit Euch im Gie\u00dfen von fl\u00fcssigem Metall \u00fcben. Dabei wollten wir aber mehr als das traditionelle \u201eZinngie\u00dfen\u201c an Silvester machen, stattdessen dr\u00fccken und schneiden wir einfache Formen in Sandform oder Gips.\nWenn Du einfache Gussformen oder Ideen (Schmuck, Wappen oder Figuren) hast, darfst Du diese gerne als Anregung mitbringen!<\/p>\n<p><i>Das Programm der Werkst\u00e4tten ist noch in Arbeit. Schaut gerne ab und zu nochmal hier vorbei!<\/i><\/p>-->\n<!-- <p>\n\n<p>Dirk aus dem Burgbauh\u00fcttenkreis und von der Kanujugend Witzenhausen (ein b\u00fcndischer Kanuverein aus Witzenhausen) l\u00e4dt ein zum Wasserspass im Burgswimmbad. Dabei wird mit Kanus eine Art Wintertraining durchgef\u00fchrt. Anf\u00e4nger oder Neulinge im Kanusport kommen hier voll auf Ihre Kosten!<\/p>\n\n--><\/p>\n<!--<h4>Gruppenspiele<\/h4>\n<p>Ein langweiliger Heimabend? Ein \u00f6des Sommerlager? Nicht wenn Du gute Spiele kennst! Taco ist ausgebildeter Theaterp\u00e4dagoge und spielt seit mehr als 10 Jahren begeistert Spiele und m\u00f6chte diese Begeisterung mit Euch teilen.<\/p>\n<h4>Volkstanzen f\u00fcr Anf\u00e4nger und Fortgeschrittene<\/h4>\n<p>Was passiert, wenn man Gitarrenspiel und Selbstverteidigung kombiniert? Auch bei der Volkstanzwerkstatt ist Beweglichkeit und Rhythmus gefragt. Egal ob im gro\u00dfen Saal im Obergeschoss des Enno oder auf dem Zeltplatz. Hier k\u00f6nnt Ihr einfache Volkst\u00e4nze lernen und \u00fcben oder ausgelassen miteinander tanzen.<\/p>\n<h4>B\u00fcndisches Gitarrenspiel f\u00fcr Anf\u00e4nger und Fortgeschrittene (WWV?)<\/h4>\n<p>Bei einigen der Hortentreffen war das Gitarrenspiel des Weinbacher Wandervogel ein gefragtes Angebot. In diesem Jahr m\u00f6chten wir wieder eine Gitarrenarbeitsgruppe f\u00fcr Anf\u00e4nger und Fortgeschrittene anbieten. Wer also Lust hat zuk\u00fcnftig Fahrtenlieder nicht nur zu singen, sondern auch mit der Gitarre zu begleiten, und bisher nur ganz wenig oder keine Gitarrenerfahrung hat, ist hier richtig. Erkl\u00e4rt und ge\u00fcbt werden Griffwechsel und Anschlagtechniken. F\u00fcr Fortgeschrittene werden Bassl\u00e4ufe, Zupftechniken etc. Thema sein. Eine Gitarre sollte (wenn m\u00f6glich) jeder selbst mitbringen.<\/p>\n<h4>Selbstverteidigung<\/h4>\n<p>Du m\u00f6chtest etwas f\u00fcr dein Selbstvertrauen in bedrohlichen Situationen tun? Du wolltest schon immer Deinen zwei K\u00f6pfe gr\u00f6\u00dferen Sippenf\u00fchrer mal \u00fcbers Kreuz legen k\u00f6nnen? Dann ist Mickis Werkstatt vermutlich genau das richtige f\u00fcr Dich! Hier geht es sportlich zu, die eine oder andere Schwei0perle ist garantiert, blaue Flecken hoffentlich eher selten.<\/p>\n<h4>Messerbau<\/h4>\n<p>Wolfgang aus dem Deutschen Pfadfinderbund wird mit Euch ein einfaches Fahrtenmesser bauen.<\/p>\n<h4>Knotenworkshop<\/h4>\n<p>Menschen knoten bereits seit \u00fcber 500.000 Jahren Seil, Gr\u00e4ser und \u00e4hnliche Materialien und entsprechend hat sich eine vielzahl von unterschiedlichen Knoten entwickelt und wurde teilweise \u00fcber Jahrhunderte weitergegeben. Egal ob Gebrauchs- oder Zierknoten, Knoten f\u00fcr den Bergsport, die Seefahrt oder f\u00fcr die Lagerbauten auf dem Sommerlager, Finn aus dem Bund eigenst\u00e4ndiger unitarischer Jugend (BeuJ) m\u00f6chte mit Euch einige dieser Knoten f\u00fcr Fahrt und Alltag ausprobieren, gemeinsam lernen und teilen.<\/p>-->\n<p><!-- \n\n<h4>Bogenschie\u00dfen (BDUJ?)<\/h4>\n\n\n\n\n<p>Mit einem einfachen Freizeitbogen aus Holz kann man sehr schnell erste Erfolge mit Pfeil und Bogen erzielen, Gruppenmitglieder motivieren und f\u00fcr ein etwas anderes Hobby begeistern. Das weitr\u00e4umige Burgareal eignet sich wunderbar f\u00fcr sicheres \u00dcben.<\/p>\n\n--><\/p>\n<p><!-- \n\n<h4>Elektroden-Schweissen f\u00fcr Anf\u00e4nger (DPB)<\/h4>\n\n\n\n\n\n\n\n\n<p>Du wolltest auch schon immer mal Stahl zum schmelzen bringen? Du magst Feuer und handwerkliche Arbeit? Dann bist Du hier richtig. Mit einer Schwei\u00dfelektrode, die viele V\u00e4ter im Keller haben oder die man in fast jedem Baumarkt ausleihen kann, wollen wir uns mal einer etwas anderen Art von Werkstatt widmen und erste einfache \u00dcbungen durchf\u00fchren.<\/p>\n\n--><\/p>\n<p><!-- \n\n<h4>Alles aus Wachs!<\/h4>\n\n\n\n\n\n\n\n\n<p>Wir wollen Fackeln herstellen, Kerzen ziehen, Seifen zubereiten und Wachst\u00fccher mit Euch basteln!<\/p>\n\n--><\/p>\n<h4>Sonstiges und Abendprogramm<\/h4>\n<ul>\n<li style=\"list-style-type: none;\">\n<ul>\n<li>Das Burgschwimmbad kann zu festen Uhrzeiten genutzt werden (wird vor Ort bekanntgegeben)<\/li>\n<li>Singerunde am Kamin!<\/li>\n<li>Offener Gespr\u00e4chskreis zu einem aktuellen Themenkomplex<\/li>\n<\/ul>\n<\/li>\n<\/ul>\n<p><!-- \n\n<h4>Die Sauna steht Euch am Samstagabend zur Verf\u00fcgung<\/h4>\n\n --><br><br><br><br><br><br><br><br><\/p>\n<h3 id=\"Anfahrt\">Anfahrt<\/h3>\n<h4>Anfahrt mit der Bahn<\/h4>\n<p>WICHTIGER HINWEIS: <a href=\"#Verbindungen\">aktuelle Verbindungsinformation<\/a><\/p>\n<p>Die Burg Ludwigstein liegt von den Bahnh\u00f6fen Witzenhausen, Eichenberg und Bad Sooden-Allendorf jeweils etwa acht bis zehn Kilometer entfernt. Diese Bahnh\u00f6fe werden tags\u00fcber st\u00fcndlich (mit L\u00fccken) von den Fernbahnh\u00f6fen G\u00f6ttingen und Kassel sowie Bebra aus erreicht. Kurzer Hinweis: Der Bahnhof Witzenhausen wird in der Auskunft auch unter dem historischen Namen Witzenhausen-Nord gef\u00fchrt.<\/p>\n<p><u>Bus-Haltestellen:<\/u><br>Ludwigstein: Buslinie 220 vom Bahnhof Witzenhausen oder vom Bahnhof\/ ZOB Bad Sooden-Allendorf &#8211; Ein Fu\u00dfweg (ca. 20 Minuten) f\u00fchrt zur Burg.<br>Werleshausen B27: Buslinie 220 &#8211; Ein steiler Fu\u00dfweg (ca. 15 Minuten) auf dem Wanderweg X5 f\u00fchrt zur Burg hinauf.<\/p>\n<p><u>AST-Haltstelle:<\/u><br>Jugendburg: direkt oben an der Burg, Verbindungen zum Bahnhof Witzenhausen<br>Ludwigstein: Verbindungen zum Bahnhof Witzenhausen<\/p>\n<p><u>Info und Anmeldung AST:<\/u><br>Das Anrufsammeltaxi erg\u00e4nzt den Bus- und Bahnfahrplan von fr\u00fch bis sp\u00e4t an allen Tagen der Woche (private Mitnahmen oder Mobilfalt-Taxi). Das AST-ServiceTelefon 0800 9390800 (geb\u00fchrenfrei) ist t\u00e4glich von 7 bis 21 Uhr, Freitag und Samstag von 7 bis 24 Uhr erreichbar. Weitereinformationen unter: <a href=\"https:\/\/www.nvv.de\/fahrtinfo\/verkehrsmittel\/ast\">https:\/\/www.nvv.de\/fahrtinfo\/verkehrsmittel\/ast<\/a><\/p>\n<h4 id=\"Verbindungen\">aktuelle Verbindungsinformation<\/h4>\n<p><u>Bei Anreise am Freitag<\/u> ist die letzte Regelverbindung ab Bahnhof Witzenhausen um 18:30 Uhr die Buslinie 220 (Ankunft an der Burg um 18:44 Uhr &#8211; Haltestelle &#8222;Werleshausen B27, Witzenhausen&#8220;). Danach fahren aber noch Sammeltaxis (\u00d6PNV-Tarif mit 1 \u20ac&nbsp; AST-Zuschlag), bis 23:30 Uhr.<\/p>\n<p><u>Bei Abreise am Sonntag<\/u>: es fahren Busse um 12:37 Uhr und 14:37 Uhr. Ankunft Bahnhof Witzenhausen ist um 12:51 Uhr \/ 14:51 Uhr. Wenn Ihr uns fr\u00fchzeitig informiert, k\u00f6nnen wir am Sonntag auch Mitfahrgelegenheiten zum Bahnhof organisieren!<\/p>\n<h4>Anfahrt mit dem Auto<\/h4>\n<p>In den meisten Navigationsger\u00e4ten ist die zu Witzenhausen geh\u00f6rende, aber von dort etwa acht Kilometer weit entfernte Burg Ludwigstein als \u201eJugendburg\u201c zu finden.<\/p>\n<p><u>Aus Richtung Norden:<\/u><br>Von der A 7 kommend aus Richtung G\u00f6ttingen am Dreieck \u201eDrammetal\u201c auf die A 38 Richtung Halle-Leipzig fahren. An der Abfahrt 3 \u201eFriedland\/ Neu-Eichenberg\/ Eschwege\/ Bad Sooden-Allendorf\u201c abfahren. Im Kreisverkehr die zweite Ausfahrt auf die B 27 nehmen, dieser (an der Ausfahrt Witzenhausen vorbei) bis zur Abfahrt Burg Ludwigstein folgen.<\/p>\n<p><u>Aus Richtung S\u00fcden<\/u><br>Von der A 7 kommend aus Richtung Kassel an der Abfahrt 75 \u201eHann. M\u00fcnden-Hedem\u00fcnden\/ Witzenhausen \/ Bad Sooden-Allendorf\u201c abfahren. Den Kreisverkehr passieren, links abbiegen auf die B 80 in Richtung Witzenhausen. Im Kreisverkehr in Witzenhausen die zweite Ausfahrt nehmen und der Stra\u00dfe bis zur Auffahrt auf die B 27 folgen. Dort rechts abbiegen in Richtung Bad Sooden-Allendorf\/Eschwege bis zur Abfahrt Burg Ludwigstein.<\/p>\n<p><u>Aus Richtung Osten<\/u><br>Von der A 38 kommend aus Richtung Halle\/Leipzig an der Abfahrt 3 \u201eFriedland\/ Neu-Eichenberg\/ Eschwege\/ Bad Sooden-Allendorf\u201c abfahren. Im Kreisverkehr die zweite Ausfahrt auf die B 27 nehmen, dieser (an der Ausfahrt Witzenhausen vorbei) bis zur Abfahrt Burg Ludwigstein folgen.<\/p>\n<p>&nbsp;<br><br><br><br><br><br><br><br><\/p>\n<h3 id=\"Datenschutz\">Datenschutzhinweise<\/h3>\n<p><u>Deine Daten<\/u> werden vom Ring junger B\u00fcnde (RjB) gespeichert, verarbeitet und nur im Zusammenhang mit diesem Treffen genutzt.<\/p>\n<p>Sie unterliegen dem <u>Datenschutzkonzept<\/u> des RjB, welches jederzeit beim Sprecherkreis angefordert werden kann.<\/p>\n<p>Es werden w\u00e4hrend des Treffens vom RjB und ausgew\u00e4hlten Teilnehmern <u>Fotoaufnahmen<\/u> angefertigt. Diese Aufnahmen sind Teil der Dokumentation des Vereinslebens des RjB. Wenn Du nicht m\u00f6chtest, dass Du auf einem Foto abgebildet bist, gib dem Fotografen bitte einen Hinweis und wende bei Problemen an den Sprecherkreis.<\/p>\n<p>Deine Daten unterliegen, wenn sie abrechungsrelevant sind unter Umst\u00e4nden einer <u>L\u00f6schfrist<\/u> von zehn Jahren (gesetzliche Vorgabe f\u00fcr alle steuerlich relevanten Unterlagen). Alle anderen Daten werden in der Regel nach ca. 12 Monaten (zum Ende des folgenden Kalenderjahres) gel\u00f6scht. Eine Ausnahme bilden Fotos von unseren Veranstaltungen, welche Teil der Dokumentation des Vereinslebens des RjB sind. <\/p>\n\n\n<p><\/p>\n","protected":false},"excerpt":{"rendered":"<p>Liebe Wanderv\u00f6gel, Pfadfinder, B\u00fcndische,hiermit laden wir Euch zum Werkstattwochenende des Ring junger B\u00fcnde auf Burg Ludwigstein.Wir und die B\u00fcnde haben f\u00fcr Euch wieder ein buntes Programm vorbereitet und wollen aber auch Zeit f\u00fcr gemeinsames Singen, gem\u00fctliche Abendrunden, Kl\u00f6nen und Gespr\u00e4che finden.Weitere Werkstatt-Angebote oder -Vorschl\u00e4ge und Programmideen nimmt der Sprecherkreis gerne\u2026<\/p>\n<p class=\"continue-reading-button\"> <a class=\"continue-reading-link\" href=\"https:\/\/www.ring-junger-buende.de\/wordpress\/rjb-werkstaetten\/\">Continue reading<i class=\"crycon-right-dir\"><\/i><\/a><\/p>\n","protected":false},"author":1,"featured_media":0,"parent":0,"menu_order":0,"comment_status":"closed","ping_status":"closed","template":"","meta":{"ngg_post_thumbnail":0,"footnotes":""},"class_list":["post-697","page","type-page","status-publish","hentry"],"_links":{"self":[{"href":"https:\/\/www.ring-junger-buende.de\/wordpress\/wp-json\/wp\/v2\/pages\/697","targetHints":{"allow":["GET"]}}],"collection":[{"href":"https:\/\/www.ring-junger-buende.de\/wordpress\/wp-json\/wp\/v2\/pages"}],"about":[{"href":"https:\/\/www.ring-junger-buende.de\/wordpress\/wp-json\/wp\/v2\/types\/page"}],"author":[{"embeddable":true,"href":"https:\/\/www.ring-junger-buende.de\/wordpress\/wp-json\/wp\/v2\/users\/1"}],"replies":[{"embeddable":true,"href":"https:\/\/www.ring-junger-buende.de\/wordpress\/wp-json\/wp\/v2\/comments?post=697"}],"version-history":[{"count":62,"href":"https:\/\/www.ring-junger-buende.de\/wordpress\/wp-json\/wp\/v2\/pages\/697\/revisions"}],"predecessor-version":[{"id":1588,"href":"https:\/\/www.ring-junger-buende.de\/wordpress\/wp-json\/wp\/v2\/pages\/697\/revisions\/1588"}],"wp:attachment":[{"href":"https:\/\/www.ring-junger-buende.de\/wordpress\/wp-json\/wp\/v2\/media?parent=697"}],"curies":[{"name":"wp","href":"https:\/\/api.w.org\/{rel}","templated":true}]}}