{"id":434,"date":"2021-11-14T19:22:33","date_gmt":"2021-11-14T18:22:33","guid":{"rendered":"https:\/\/www.ring-junger-buende.de\/wordpress\/?page_id=434"},"modified":"2024-05-12T10:11:51","modified_gmt":"2024-05-12T08:11:51","slug":"praeventionsarbeit","status":"publish","type":"page","link":"https:\/\/www.ring-junger-buende.de\/wordpress\/praeventionsarbeit\/","title":{"rendered":"Pr\u00e4vention"},"content":{"rendered":"\n<h3>Schutz und Ausbildung<\/h3>\n<p>Der <strong>Schutz <\/strong>von Kindern und Jugendlichen geh\u00f6rt zu den Grundvoraussetzungen der Jugendgruppenarbeit!<\/p>\n\n\n\n<p>Die daraus resultierende Verantwortung nehmen wir im Ring junger B\u00fcnde sehr ernst. Alle bei uns aktiv mitarbeitenden B\u00fcnde m\u00fcssen \u00fcber ein <strong>Pr\u00e4ventionskonzept <\/strong>zum Schutz vor sexualisierter Gewalt gegen\u00fcber Kindern und Jugendlichen verf\u00fcgen.<\/p>\n\n\n\n<p>Beispiele f\u00fcr die Pr\u00e4ventionsarbeit in den B\u00fcnden des RjB kann auf den Seiten des <a href=\"https:\/\/deutscher-pfadfinderbund.de\/arbeitskreis\/\">Deutschen Pfadfinderbundes (DPB)<\/a>, der <a href=\"https:\/\/www.fkk-jugend.de\/wir-passen-auf\/\">fkk-jugend<\/a> und des <a href=\"https:\/\/jungenbund-phoenix.de\/sites\/default\/files\/website\/Pra%CC%88ventionskonzept%20Phoenix.pdf\">Jungenbund Phoenix<\/a> eingesehen werden.<\/p>\n\n\n\n<p>Unsere Jugendgruppenleiterinnen und Jugendgruppenleiter werden im Rahmen ihrer <strong>Ausbildung <\/strong>von erfahrenen Fachkr\u00e4ften unterwiesen und das Thema Schutz und Pr\u00e4vention vor sexueller Gewalt wird regelm\u00e4\u00dfig in den B\u00fcnden im Ring behandelt.<\/p>\n\n\n\n<p>Zudem wirken Mitglieder unserer B\u00fcnde im Arbeitskreis <a href=\"http:\/\/www.tabubruch.org\" data-type=\"URL\" data-id=\"www.tabubruch.org\">www.tabubruch.org<\/a> mit.<\/p>\n\n<h3>Hilfe und Beratung<\/h3>\n<p>Du bist betroffen? Du ben\u00f6tigst akut Hilfe? Dann wende Dich am besten an eine der folgenden Beratungsangebote. Dort arbeiten professionell ausgebildete Fachkr\u00e4fte, die sich Deinen Fall genau ansehen und Dir Unterst\u00fctzung und Hilfe bieten k\u00f6nnen!<\/p>\n<h4>Hilfe per Telefon<\/h4>\n<ul><li> Das <b>Hilfe-Telefon Sexueller Missbrauch<\/b> (<b><a href=\"tel:+498002255530\">0800 22 55 530<\/a><\/b>) ist die Anlaufstelle f\u00fcr Betroffene von sexueller Gewalt in Kindheit und Jugend, f\u00fcr Angeh\u00f6rige sowie Personen aus dem sozialen Umfeld von Kindern, f\u00fcr Fachkr\u00e4fte und f\u00fcr alle Interessierte. \n<ul><li>Telefonzeiten: Mo, Mi, Fr: 9 bis 14 Uhr; Di &#038; Do: 15 bis 20 Uhr (An Feiertagen sowie am 24. und 31. Dezember ist das Telefon nicht besetzt).<\/li>\n<li>Die Anrufe werden kostenfrei und anonym entgegengenommen.<\/li>\n<li>Weitere Information: <a href=\"http:\/\/www.nina-info.de\/\">Hilfetelefon Sexueller Missbrauch<\/a><\/li><\/ul><\/li>\n<br>\n<li>Die <b>Telefon-Seelsorge<\/b> (<b><a href=\"tel:+498001110111\">0800 11 10 111<\/a><\/b> oder <b><a href=\"tel:+498001110222\">0800 11 10 222<\/a><\/b>) ist f\u00fcr jeden da, f\u00fcr alte und junge Menschen, Berufst\u00e4tige, Hausfrauen,  Auszubildende oder Rentner, f\u00fcr Menschen jeder Glaubensgemeinschaft und auch f\u00fcr Menschen ohne Kirchenzugeh\u00f6rigkeit. \n<ul><li>Telefonzeiten: 24 Stunden \/ 365 Tage im Jahr (auch an Feiertagen sowie sp\u00e4t in der Nacht).<\/li>\n<li>Die Anrufe werden kostenfrei und anonym entgegengenommen.<\/li>\n<li>Weitere Information: <a href=\"https:\/\/www.telefonseelsorge.de\/\">Die Telefonseelsorge<\/a><\/li><\/ul><\/li><\/ul>\n<h4>Beratungsstellen<\/h4>\n<ul>\n<li><a href=\"https:\/\/www.hilfeportal-missbrauch.de\">Hilfeportal Sexueller Missbrauch<\/a><\/li>\n<li><a href=\"https:\/\/nina-info.de\">Nationale Infoline, Netzwerk und Anlaufstelle zu sexueller Gewalt an Jungen und M\u00e4dchen.<\/a><\/li>\n<li><a href=\"https:\/\/www.wildwasser.de\/\">Wildwasser.de wendet sich an Kinder, Jugendliche und Erwachsene, die von sexuellem Missbrauch betroffen sind.<\/a><\/li>\n<li><a href=\"https:\/\/www.zartbitter.de\">Zartbitter e.V. &#8211; Kontakt- und Informationsstelle gegen sexuellen Missbrauch an M\u00e4dchen und Jungen <\/a><\/li>\n<li><a href=\"https:\/\/www.tauwetter.de\">Anlaufstelle, f\u00fcr M\u00e4nner*, die in Kindheit, Jugend oder als Erwachsene sexualisierter Gewalt ausgesetzt waren<\/a><\/li>\n<\/ul>\n<h3>Aufarbeitung<\/h3>\n<p>Seit 2022 l\u00e4uft innerhalb des Vorstands des Ring junger B\u00fcnde ein Vorprojekt zur Aufarbeitung m\u00f6glicher F\u00e4lle von \u00dcbergriffen gegen die sexuelle Selbstbestimmtheit von Kindern und Jugendlichen im Ring junger B\u00fcnde. Wir setzen damit unser bereits 2018 begonnenes Projekt zur geschichtlichen Aufarbeitung des RjB fort, welches bedingt durch die Corona-Pandemie in der Zwischenzeit zum Erliegen gekommen ist.<\/p> \n<p>Dabei besch\u00e4ftigten wir uns bisher prim\u00e4r mit der Aufarbeitung unserer Geschichte und der Materialsammlung. Im zweiten Teil unseres Vorprojektes geht es nun darum zusammenzufassen, was wir bereits wissen, d.h. worauf wir aufbauen k\u00f6nnen, um dann anschlie\u00dfend ein Konzept zu entwickeln, wie der Prozess der Aufarbeitung strukturiert wird und wie wir die daf\u00fcr n\u00f6tigen Mittel und Ressourcen aufbringen k\u00f6nnen.<\/p>\n<p>Warum?<br>\nIn erster Linie geht es darum das m\u00f6glicherweise erzwungene Schweigen der Betroffenen zu beenden, m\u00f6gliches Unrecht zu benennen und sichtbar zu machen und die Rechte der Betroffenen auf Schutz und Aufkl\u00e4rung zu verwirklichen.<br>\nEs geht aber auch darum aus der Vergangenheit f\u00fcr die Zukunft zu lernen und zu kl\u00e4ren wie wir unseren Ring, unsere Gruppen und B\u00fcnde so resistent machen k\u00f6nnen, dass (potentielle) T\u00e4terinnen und T\u00e4ter kein Interesse \/ keine Chance haben bei uns aktiv zu werden.<\/p>\n<p>Wir orientieren uns dabei an den <i>Empfehlungen zur Aufarbeitung sexuellem Kindesmissbrauchs<\/i> der <i>Unabh\u00e4ngigen Kommission zur Aufarbeitung sexuellen Kindesmissbrauchs<\/i>.<\/p>\n\n<p>Bei Fragen zu dem Thema k\u00f6nnen Sie sich oder k\u00f6nnt Ihr Euch jederzeit an uns wenden: <a rel=\"noreferrer noopener\" href=\"&#x6d;&#x61;&#x69;&#108;&#116;&#111;:d&#x69;&#x65;&#x73;&#x70;&#114;&#101;ch&#x65;&#x72;&#x40;&#x72;&#106;&#98;&#46;d&#x65;\" target=\"_blank\">&#x64;i&#x65;&#115;&#x70;&#114;&#x65;&#x63;h&#x65;&#114;&#x40;&#114;&#x6a;&#98;&#46;&#x64;&#101;<\/a><\/p>\n","protected":false},"excerpt":{"rendered":"<p>Schutz und Ausbildung Der Schutz von Kindern und Jugendlichen geh\u00f6rt zu den Grundvoraussetzungen der Jugendgruppenarbeit! Die daraus resultierende Verantwortung nehmen wir im Ring junger B\u00fcnde sehr ernst. Alle bei uns aktiv mitarbeitenden B\u00fcnde m\u00fcssen \u00fcber ein Pr\u00e4ventionskonzept zum Schutz vor sexualisierter Gewalt gegen\u00fcber Kindern und Jugendlichen verf\u00fcgen. Beispiele f\u00fcr die\u2026<\/p>\n<p class=\"continue-reading-button\"> <a class=\"continue-reading-link\" href=\"https:\/\/www.ring-junger-buende.de\/wordpress\/praeventionsarbeit\/\">Continue reading<i class=\"crycon-right-dir\"><\/i><\/a><\/p>\n","protected":false},"author":1,"featured_media":0,"parent":0,"menu_order":0,"comment_status":"closed","ping_status":"closed","template":"","meta":{"ngg_post_thumbnail":0,"footnotes":""},"class_list":["post-434","page","type-page","status-publish","hentry"],"_links":{"self":[{"href":"https:\/\/www.ring-junger-buende.de\/wordpress\/wp-json\/wp\/v2\/pages\/434","targetHints":{"allow":["GET"]}}],"collection":[{"href":"https:\/\/www.ring-junger-buende.de\/wordpress\/wp-json\/wp\/v2\/pages"}],"about":[{"href":"https:\/\/www.ring-junger-buende.de\/wordpress\/wp-json\/wp\/v2\/types\/page"}],"author":[{"embeddable":true,"href":"https:\/\/www.ring-junger-buende.de\/wordpress\/wp-json\/wp\/v2\/users\/1"}],"replies":[{"embeddable":true,"href":"https:\/\/www.ring-junger-buende.de\/wordpress\/wp-json\/wp\/v2\/comments?post=434"}],"version-history":[{"count":18,"href":"https:\/\/www.ring-junger-buende.de\/wordpress\/wp-json\/wp\/v2\/pages\/434\/revisions"}],"predecessor-version":[{"id":1166,"href":"https:\/\/www.ring-junger-buende.de\/wordpress\/wp-json\/wp\/v2\/pages\/434\/revisions\/1166"}],"wp:attachment":[{"href":"https:\/\/www.ring-junger-buende.de\/wordpress\/wp-json\/wp\/v2\/media?parent=434"}],"curies":[{"name":"wp","href":"https:\/\/api.w.org\/{rel}","templated":true}]}}