{"id":4,"date":"2017-01-29T22:57:38","date_gmt":"2017-01-29T21:57:38","guid":{"rendered":"https:\/\/www.ring-junger-buende.de\/wordpress\/?page_id=4"},"modified":"2023-05-28T11:11:24","modified_gmt":"2023-05-28T09:11:24","slug":"der-ring-junger-buende","status":"publish","type":"page","link":"https:\/\/www.ring-junger-buende.de\/wordpress\/der-ring-junger-buende\/","title":{"rendered":"Der Ring junger B\u00fcnde"},"content":{"rendered":"<p><img loading=\"lazy\" decoding=\"async\" class=\"alignleft wp-image-254 size-medium\" src=\"https:\/\/www.ring-junger-buende.de\/wordpress\/wp-content\/uploads\/2018\/02\/RjB-Logo_640x469_Pixel-300x220.png\" alt=\"\" width=\"300\" height=\"220\" srcset=\"https:\/\/www.ring-junger-buende.de\/wordpress\/wp-content\/uploads\/2018\/02\/RjB-Logo_640x469_Pixel-300x220.png 300w, https:\/\/www.ring-junger-buende.de\/wordpress\/wp-content\/uploads\/2018\/02\/RjB-Logo_640x469_Pixel-150x110.png 150w, https:\/\/www.ring-junger-buende.de\/wordpress\/wp-content\/uploads\/2018\/02\/RjB-Logo_640x469_Pixel.png 640w\" sizes=\"auto, (max-width: 300px) 100vw, 300px\" \/>Der Ring junger B\u00fcnde (RjB) wurde im Januar 1964 gegr\u00fcndet.<\/p>\n<p>Er ist ein Zusammenschluss selbst\u00e4ndiger, unabh\u00e4ngiger und selbstverantwortlicher Jugendb\u00fcnde. Er bezweckt, deren gemeinsamen Interessen nach au\u00dfen zu vertreten und deren Verbindung untereinander zu f\u00f6rdern.<\/p>\n<p>Der RjB und alle in ihm vertretenen Jugendb\u00fcnde bekennen sich zur Grundsatzerkl\u00e4rung der jungen B\u00fcnde zum Mei\u00dfnertag 1963.<\/p>\n<p>Der Ring junger B\u00fcnde ist gemeinn\u00fctzig im Sinn der Abgabenordnung (\u00a752 AO) und in der F\u00f6rderung der Jugendhilfe t\u00e4tig.<\/p>\n","protected":false},"excerpt":{"rendered":"<p>Der Ring junger B\u00fcnde (RjB) wurde im Januar 1964 gegr\u00fcndet. Er ist ein Zusammenschluss selbst\u00e4ndiger, unabh\u00e4ngiger und selbstverantwortlicher Jugendb\u00fcnde. Er bezweckt, deren gemeinsamen Interessen nach au\u00dfen zu vertreten und deren Verbindung untereinander zu f\u00f6rdern. Der RjB und alle in ihm vertretenen Jugendb\u00fcnde bekennen sich zur Grundsatzerkl\u00e4rung der jungen B\u00fcnde zum\u2026<\/p>\n<p class=\"continue-reading-button\"> <a class=\"continue-reading-link\" href=\"https:\/\/www.ring-junger-buende.de\/wordpress\/der-ring-junger-buende\/\">Continue reading<i class=\"crycon-right-dir\"><\/i><\/a><\/p>\n","protected":false},"author":1,"featured_media":0,"parent":0,"menu_order":0,"comment_status":"closed","ping_status":"closed","template":"","meta":{"ngg_post_thumbnail":0,"footnotes":""},"class_list":["post-4","page","type-page","status-publish","hentry"],"_links":{"self":[{"href":"https:\/\/www.ring-junger-buende.de\/wordpress\/wp-json\/wp\/v2\/pages\/4","targetHints":{"allow":["GET"]}}],"collection":[{"href":"https:\/\/www.ring-junger-buende.de\/wordpress\/wp-json\/wp\/v2\/pages"}],"about":[{"href":"https:\/\/www.ring-junger-buende.de\/wordpress\/wp-json\/wp\/v2\/types\/page"}],"author":[{"embeddable":true,"href":"https:\/\/www.ring-junger-buende.de\/wordpress\/wp-json\/wp\/v2\/users\/1"}],"replies":[{"embeddable":true,"href":"https:\/\/www.ring-junger-buende.de\/wordpress\/wp-json\/wp\/v2\/comments?post=4"}],"version-history":[{"count":9,"href":"https:\/\/www.ring-junger-buende.de\/wordpress\/wp-json\/wp\/v2\/pages\/4\/revisions"}],"predecessor-version":[{"id":644,"href":"https:\/\/www.ring-junger-buende.de\/wordpress\/wp-json\/wp\/v2\/pages\/4\/revisions\/644"}],"wp:attachment":[{"href":"https:\/\/www.ring-junger-buende.de\/wordpress\/wp-json\/wp\/v2\/media?parent=4"}],"curies":[{"name":"wp","href":"https:\/\/api.w.org\/{rel}","templated":true}]}}