{"id":329,"date":"2018-10-07T20:41:24","date_gmt":"2018-10-07T18:41:24","guid":{"rendered":"https:\/\/www.ring-junger-buende.de\/wordpress\/?page_id=329"},"modified":"2018-10-07T20:50:11","modified_gmt":"2018-10-07T18:50:11","slug":"geschichte-des-rjb","status":"publish","type":"page","link":"https:\/\/www.ring-junger-buende.de\/wordpress\/geschichte-des-rjb\/","title":{"rendered":"Geschichte des RjB"},"content":{"rendered":"<p>Am 25.\/26. Januar 1964 schlossen sich auf einem Bundesf\u00fchrertreffen auf Burg Ludwigstein 13 unabh\u00e4ngige Jugendb\u00fcnde zum Ring junger B\u00fcnde zusammen. Das Treffen war auf dem Meissnerlager 1963 zwischen den Bundesf\u00fchrern verabredet worden. Als erster Sprecher wurde Karl Vogt gew\u00e4hlt.<br \/>\nAm 19. M\u00e4rz 1966 wurde dann der eingetragene Verein (Ring junger B\u00fcnde e.V.) gegr\u00fcndet.<\/p>\n<p><strong><em>Hinweis: Diese Seite wird aktuell \u00fcberarbeitet. Der Sprecherkreis des RjB arbeitet derzeit die Geschichte des RjB auf. Wer dazu etwas beitragen kann, zum Beispiel weil er noch Unterlagen aus der Vergangenheit besitzt, Zeitzeuge ist oder welche kennt, kann sich gerne jederzeit an uns wenden!<\/em><\/strong><\/p>\n","protected":false},"excerpt":{"rendered":"<p>Am 25.\/26. Januar 1964 schlossen sich auf einem Bundesf\u00fchrertreffen auf Burg Ludwigstein 13 unabh\u00e4ngige Jugendb\u00fcnde zum Ring junger B\u00fcnde zusammen. Das Treffen war auf dem Meissnerlager 1963 zwischen den Bundesf\u00fchrern verabredet worden. Als erster Sprecher wurde Karl Vogt gew\u00e4hlt. Am 19. M\u00e4rz 1966 wurde dann der eingetragene Verein (Ring junger\u2026<\/p>\n<p class=\"continue-reading-button\"> <a class=\"continue-reading-link\" href=\"https:\/\/www.ring-junger-buende.de\/wordpress\/geschichte-des-rjb\/\">Continue reading<i class=\"crycon-right-dir\"><\/i><\/a><\/p>\n","protected":false},"author":1,"featured_media":0,"parent":0,"menu_order":0,"comment_status":"closed","ping_status":"closed","template":"","meta":{"ngg_post_thumbnail":0,"footnotes":""},"class_list":["post-329","page","type-page","status-publish","hentry"],"_links":{"self":[{"href":"https:\/\/www.ring-junger-buende.de\/wordpress\/wp-json\/wp\/v2\/pages\/329","targetHints":{"allow":["GET"]}}],"collection":[{"href":"https:\/\/www.ring-junger-buende.de\/wordpress\/wp-json\/wp\/v2\/pages"}],"about":[{"href":"https:\/\/www.ring-junger-buende.de\/wordpress\/wp-json\/wp\/v2\/types\/page"}],"author":[{"embeddable":true,"href":"https:\/\/www.ring-junger-buende.de\/wordpress\/wp-json\/wp\/v2\/users\/1"}],"replies":[{"embeddable":true,"href":"https:\/\/www.ring-junger-buende.de\/wordpress\/wp-json\/wp\/v2\/comments?post=329"}],"version-history":[{"count":6,"href":"https:\/\/www.ring-junger-buende.de\/wordpress\/wp-json\/wp\/v2\/pages\/329\/revisions"}],"predecessor-version":[{"id":337,"href":"https:\/\/www.ring-junger-buende.de\/wordpress\/wp-json\/wp\/v2\/pages\/329\/revisions\/337"}],"wp:attachment":[{"href":"https:\/\/www.ring-junger-buende.de\/wordpress\/wp-json\/wp\/v2\/media?parent=329"}],"curies":[{"name":"wp","href":"https:\/\/api.w.org\/{rel}","templated":true}]}}