{"id":32,"date":"2017-01-29T23:17:37","date_gmt":"2017-01-29T22:17:37","guid":{"rendered":"https:\/\/www.ring-junger-buende.de\/wordpress\/?page_id=32"},"modified":"2024-01-03T20:01:57","modified_gmt":"2024-01-03T19:01:57","slug":"impressum","status":"publish","type":"page","link":"https:\/\/www.ring-junger-buende.de\/wordpress\/impressum\/","title":{"rendered":"Impressum"},"content":{"rendered":"<p>Dieses Impressum gilt f\u00fcr alle Webseiten, Social Media Angebote und sonstige Telemediendienste des <em>Ring junger B\u00fcnde e.V. (RjB)<\/em><\/p>\n<p>Ring junger B\u00fcnde e.V.<br \/>\nBurg Ludwigstein<br \/>\n37214 Witzenhausen<\/p>\n<p>Telefon: +49 (0)5542 5017-35<br \/>\nE-Mail: &#x69;&#x6e;&#x66;&#x6f;&#64;&#114;&#106;b&#46;&#x64;&#x65;<\/p>\n<p>Registergericht: Amtsgericht Eschwege<br \/>\nRegisternummer: VR 1026<\/p>\n<p>Steuernummer: 041 250 53280<\/p>\n<p><strong>Gemeinschaftlich vertretungsberechtigt:<\/strong><br \/>\nWolfgang Lauss (Mitglied des Vorstands)<br \/>\nc\/o Ring junger B\u00fcnde e.V.<br \/>\nBurg Ludwigstein<br \/>\n37214 Witzenhausen<br \/>\nwolfgang&#64;rjb&#46;de<\/p>\n<p>Sophia Puhlmann (Mitglied des Vorstands)<br \/>\nc\/o Ring junger B\u00fcnde e.V.<br \/>\nBurg Ludwigstein<br \/>\n37214 Witzenhausen<br \/>\ns&#111;&#112;&#x68;&#x69;&#x61;&#64;r&#106;&#98;&#x2e;&#x64;&#x65;<\/p>\n<p><strong>V.i.S.d \u00a7 18 Abs. 2 MStV:<\/strong><br \/>\nWolfgang Lauss<br \/>\nc\/o Ring junger B\u00fcnde e.V.<br \/>\nBurg Ludwigstein<br \/>\n37214 Witzenhausen<\/p>\n<p>F\u00fcr Kontakt bitte stets unsere Mailadresse <a href=\"&#109;&#x61;&#105;&#x6c;&#116;&#x6f;&#58;&#x69;&#110;&#x66;&#111;&#x40;&#114;&#x6a;&#98;&#x2e;&#100;&#x65;\">&#x69;&#110;f&#x6f;&#64;r&#x6a;&#98;&#46;&#x64;&#101;<\/a> oder unser <a href=\"https:\/\/www.ring-junger-buende.de\/wordpress\/geschaeftsstelle\/\">Kontaktformular <\/a>nutzen.<\/p>\n","protected":false},"excerpt":{"rendered":"<p>Dieses Impressum gilt f\u00fcr alle Webseiten, Social Media Angebote und sonstige Telemediendienste des Ring junger B\u00fcnde e.V. (RjB) Ring junger B\u00fcnde e.V. Burg Ludwigstein 37214 Witzenhausen Telefon: +49 (0)5542 5017-35 E-Mail: i&#110;&#102;&#x6f;&#x40;rj&#98;&#46;&#x64;&#x65; Registergericht: Amtsgericht Eschwege Registernummer: VR 1026 Steuernummer: 041 250 53280 Gemeinschaftlich vertretungsberechtigt: Wolfgang Lauss (Mitglied des Vorstands) c\/o\u2026<\/p>\n<p class=\"continue-reading-button\"> <a class=\"continue-reading-link\" href=\"https:\/\/www.ring-junger-buende.de\/wordpress\/impressum\/\">Continue reading<i class=\"crycon-right-dir\"><\/i><\/a><\/p>\n","protected":false},"author":1,"featured_media":0,"parent":0,"menu_order":0,"comment_status":"closed","ping_status":"closed","template":"","meta":{"ngg_post_thumbnail":0,"footnotes":""},"class_list":["post-32","page","type-page","status-publish","hentry"],"_links":{"self":[{"href":"https:\/\/www.ring-junger-buende.de\/wordpress\/wp-json\/wp\/v2\/pages\/32","targetHints":{"allow":["GET"]}}],"collection":[{"href":"https:\/\/www.ring-junger-buende.de\/wordpress\/wp-json\/wp\/v2\/pages"}],"about":[{"href":"https:\/\/www.ring-junger-buende.de\/wordpress\/wp-json\/wp\/v2\/types\/page"}],"author":[{"embeddable":true,"href":"https:\/\/www.ring-junger-buende.de\/wordpress\/wp-json\/wp\/v2\/users\/1"}],"replies":[{"embeddable":true,"href":"https:\/\/www.ring-junger-buende.de\/wordpress\/wp-json\/wp\/v2\/comments?post=32"}],"version-history":[{"count":23,"href":"https:\/\/www.ring-junger-buende.de\/wordpress\/wp-json\/wp\/v2\/pages\/32\/revisions"}],"predecessor-version":[{"id":946,"href":"https:\/\/www.ring-junger-buende.de\/wordpress\/wp-json\/wp\/v2\/pages\/32\/revisions\/946"}],"wp:attachment":[{"href":"https:\/\/www.ring-junger-buende.de\/wordpress\/wp-json\/wp\/v2\/media?parent=32"}],"curies":[{"name":"wp","href":"https:\/\/api.w.org\/{rel}","templated":true}]}}